{"id":5,"date":"2017-10-26T12:31:39","date_gmt":"2017-10-26T12:31:39","guid":{"rendered":"http:\/\/10.0.6.147:700\/wordpress\/?page_id=5"},"modified":"2025-09-03T14:16:21","modified_gmt":"2025-09-03T11:16:21","slug":"about","status":"publish","type":"page","link":"https:\/\/asco90.ro\/wordpress\/en\/about","title":{"rendered":"About"},"content":{"rendered":"<div id=\"main\">\n<div class=\"container\">\n<div class=\"content content-full-width\">\n<h1>About Us<\/h1>\n<p>Founded in 1990, the company ASCO 90 SRL has the main target in Romania:<\/p>\n<h4>PROMOTING DIGITAL EEG \/ EP, EMG \/ EP \/ IOM, LTM, PSG, AND DOPPLER (ONLY); PROMOTING NEUROLOGICAL AND NEUROSURGICAL NEUROPHYSIOLOGICAL RELATED;<\/h4>\n<p><strong>Get in touch with us at:<\/strong><\/p>\n<ul>\n<li>The sale, installation, and training for the systems specified;<\/li>\n<li>Support for systems throughout their operating period, as close to users as possible;<\/li>\n<li>Organization of specialized courses for a permanent preparation and improvement of the users' knowledge of the systems used in accordance with the latest developments in the field;<\/li>\n<li>The possibility of integrating the offers, in accordance with the clients' requests, for offering large packages in the field of neurology and neurosurgery; everything is done according to the requests of the auction participant;<\/li>\n<li>Delivery of any type of accessory or consumable for neurology and neurosurgery;<\/li>\n<li>Experience in the field of medical equipment since 1979;<\/li>\n<li>Working with neurosurgeons in the operating room to prepare and achieve maximum performance with the equipment delivered by us.<\/li>\n<\/ul>\n<\/div>\n<\/div>\n<\/div>","protected":false},"excerpt":{"rendered":"<p>Despre noi Fondat\u00e3 in 1990, firma ASCO 90 srl are ca tint\u00e3 principal\u00e3 \u00een Rom\u00e2nia: Promovarea sistemelor digitale EEG\/EP, EMG\/EP\/IOM, LTM, PSG, si Doppler (only); promovarea sistemelor neurologice, neurofiziologice si de neurochirurgie conexe; Luati legatura cu noi la: Vanzarea, instalarea, scolarizarea si instruirea pentru sistemele mentionate; Sustinerea pentru sisteme pe toata perioada lor de functionare, [&hellip;]<\/p>","protected":false},"author":1,"featured_media":0,"parent":0,"menu_order":0,"comment_status":"closed","ping_status":"closed","template":"","meta":[],"_links":{"self":[{"href":"https:\/\/asco90.ro\/wordpress\/en\/wp-json\/wp\/v2\/pages\/5"}],"collection":[{"href":"https:\/\/asco90.ro\/wordpress\/en\/wp-json\/wp\/v2\/pages"}],"about":[{"href":"https:\/\/asco90.ro\/wordpress\/en\/wp-json\/wp\/v2\/types\/page"}],"author":[{"embeddable":true,"href":"https:\/\/asco90.ro\/wordpress\/en\/wp-json\/wp\/v2\/users\/1"}],"replies":[{"embeddable":true,"href":"https:\/\/asco90.ro\/wordpress\/en\/wp-json\/wp\/v2\/comments?post=5"}],"version-history":[{"count":3,"href":"https:\/\/asco90.ro\/wordpress\/en\/wp-json\/wp\/v2\/pages\/5\/revisions"}],"predecessor-version":[{"id":1888,"href":"https:\/\/asco90.ro\/wordpress\/en\/wp-json\/wp\/v2\/pages\/5\/revisions\/1888"}],"wp:attachment":[{"href":"https:\/\/asco90.ro\/wordpress\/en\/wp-json\/wp\/v2\/media?parent=5"}],"curies":[{"name":"wp","href":"https:\/\/api.w.org\/{rel}","templated":true}]}}