{"id":1413,"date":"2018-05-25T16:10:24","date_gmt":"2018-05-25T13:10:24","guid":{"rendered":"http:\/\/asco90.ro\/wordpress\/?page_id=1413"},"modified":"2018-05-25T16:10:34","modified_gmt":"2018-05-25T13:10:34","slug":"gdpr-ro","status":"publish","type":"page","link":"https:\/\/asco90.ro\/wordpress\/gdpr-ro","title":{"rendered":"gdpr-ro"},"content":{"rendered":"<div id=\"pl-1413\"  class=\"panel-layout\" ><div id=\"pg-1413-0\"  class=\"panel-grid panel-no-style\" ><div id=\"pgc-1413-0-0\"  class=\"panel-grid-cell panel-grid-cell-empty\" ><\/div><\/div><div id=\"pg-1413-1\"  class=\"panel-grid panel-no-style\" ><div id=\"pgc-1413-1-0\"  class=\"panel-grid-cell\" ><div id=\"panel-1413-1-0-0\" class=\"so-panel widget widget_sow-editor panel-first-child panel-last-child\" data-index=\"0\" ><div class=\"so-widget-sow-editor so-widget-sow-editor-base\">\n<div class=\"siteorigin-widget-tinymce textwidget\">\n\t<p>Declaratie privind Datele Private<br \/>POLITICA DE CONFIDENTIALITATE \u2013 ASCO 90 srl<\/p>\n<p>Aici puteti citi cum proceseaza ASCO 90 srl datele personale pe cale le primim de la dvs. Politica <br \/>de confidentialitate priveste documentele in relatia cu dvs. Firma noastra nu poseda si nu isi <br \/>doreste inregistrari pe Facebook, Linkedin sau alte site-uri asemanatoare.<\/p>\n<p>CONTROLUL DATELOR<br \/>\u00cen conformitate cu legisla\u021bia rom\u00e2n\u00e3 \u0219i regulamentul general privind protec\u021bia datelor, ASCO 90 srl <br \/>este un a\u0219a-numit controlor de date \u00een ceea ce prive\u0219te datele personale pe care le primim. Datele <br \/>noastre de contact sunt:<br \/>ASCO 90 SRL<br \/>Sos. Stefan cel Mare nr. 1-3, bloc Perla, sc.1, et.1, apt. 2 011736 \u2013 Bucuresti, 1 - Rom\u00e2nia<br \/>ONRC J40\/10927\/1991<br \/>Email: office@asco90.ro Tel.: +4021.2124366<br \/>RESPONSABIL DATE PERSONALE<br \/>Am numit un Responsabil de Protec\u021bie a Datelor care poate fi \u00eentotdeauna contactat prin e- mail, <br \/>po\u0219t\u0103 sau telefon, dac\u0103 ave\u021bi \u00eentreb\u0103ri cu privire la modul \u00een care proces\u0103m datele dvs. personale. <br \/>Responsabilul cu protec\u021bia datelor poate fi contactat la urm\u0103toarea adres\u0103:<br \/>Valentin Chirculescu \u2013 director general ASCO 90 SRL<br \/>Sos. Stefan cel Mare nr. 1-3, bloc Perla, sc.1, et.1, apt. 2 011736 \u2013 Bucuresti, 1 - Rom\u00e2nia<br \/>Email: vchirc@asco90.ro Tel.: +4021.2124366<br \/>SCOPUL UTILIZARII DATELOR PERSONALE<br \/>ASCO 90 srl utilizeaz\u0103 date cu caracter personal numai atunci c\u00e2nd acest lucru este necesar pentru <br \/>executarea unui contract sau atunci c\u00e2nd v\u0103 \u00eenregistra\u021bi ca persoan\u0103 de contact \u00een leg\u0103tur\u0103 cu o <br \/>rela\u021bie de cooperare \/ comercial\u0103 poten\u021bial\u0103 sau existent\u0103.<\/p>\n<p>Baza legal\u0103 pentru aceasta se reg\u0103se\u0219te \u00een articolul 6 alineatul (1) literele (b), (c) \u0219i (f) din <br \/>Regulamentul (UE) 2016\/679 al Parlamentului European \u0219i al Consiliului din 27 aprilie 2016).<\/p>\n<p>CATEGORIA DE DATE<br \/>Proces\u0103m doar date care pot fi considerate date personale obi\u0219nuite \u0219i care nu sunt informa\u021bii <br \/>despre condamn\u0103ri sau infrac\u021biuni penale si nici dintr-o categorie special\u0103 de date cu caracter <br \/>personal. Dac\u0103 avem nevoie de astfel de date, ve\u021bi primi o notificare separat\u0103 despre acestea \u0219i v\u0103 <br \/>vom solicita consim\u021b\u0103m\u00e2ntul \u00een prealabil.<br \/>Datele sunt date de contact obi\u0219nuite.<\/p>\n<p>RECIPIENTII DE DATE<br \/>\u00cemp\u0103rt\u0103\u0219im datele personale cu companiile asociate. \u00cen cazul \u00een care aceste societ\u0103\u021bi sunt <br \/>stabilite \u00een alte \u021b\u0103ri din UE \/ SEE sau \u021b\u0103ri ter\u021be, acest lucru se va realiza pe baza <br \/>regulamentelor noastre interne obligatorii.<\/p>\n<p>De asemenea, facem schimb de date personale cu procesatorii de date care au semnat acorduri de <br \/>prelucrare a datelor cu noi si care respect\u0103 Regulamentul general privind protec\u021bia datelor.<\/p>\n<p>STERGEREA DATELOR<br \/>Nu am definit o perioad\u0103 sau un termen limit\u0103 special pentru c\u00e2t timp vom p\u0103stra datele dvs. <br \/>personale.<\/p>\n<p>Politica noastr\u0103 este s\u0103 stocam datele dvs. personale at\u00e2t timp c\u00e2t exist\u0103 o rela\u021bie comercial\u0103 sau <br \/>ar putea ap\u0103rea. Pute\u021bi s\u0103 solicita\u021bi \u0219i s\u0103 fi\u021bi \u00een\u0219tiin\u021bat \u00een orice moment dac\u0103 exist\u0103 date <br \/>personale \u00eenregistrate despre dvs. \u0219i \/ sau solicita\u021bi \u0219tergerea acestor date. Vede\u021bi mai jos la <br \/>capitolul \"DREPTURILE DUMNEAVOASTR\u0102\".<\/p>\n<p>DREPTURILE DUMNEAVOASTRA<br \/>Ave\u021bi urm\u0103toarele drepturi de care pute\u021bi profita:<br \/>- dreptul de a accesa datele personale pe care le-am \u00eenregistrat \u00een leg\u0103tur\u0103 cu dvs.;<br \/>- dreptul de a corecta \u0219i \u0219terge datele personale \u00eenregistrate \u00een leg\u0103tur\u0103 cu dvs.;<br \/>- dreptul de a se opune prelucr\u0103rii datelor cu caracter personal sau de a limita aceast\u0103 <br \/>prelucrare;<br \/>- dreptul de a revoca acordul \u00een cazul \u00een care prelucrarea datelor dvs. se bazeaz\u0103 pe <br \/>consim\u021b\u0103m\u00e2nt;<br \/>- dreptul de a primi datele personale pe care le-a\u021bi furnizat dvs. \u00eentr-un format utilizat <br \/>\u00een mod obi\u0219nuit, structurat \u0219i care poate fi citit de pe computer;<br \/>- dreptul de a se pl\u00e2nge unei autorit\u0103\u021bi de supraveghere - \u00een mod normal, Autorit\u0103\u021bii rom\u00e2ne <br \/>pentru protec\u021bia datelor.<\/p>\n<p>RECLAMATII<br \/>Dac\u0103 dori\u021bi s\u0103 v\u0103 pl\u00e2nge\u021bi de modul \u00een care proces\u0103m datele dvs. personale, pute\u021bi face acest lucru <br \/>la Autoritatea Na\u021bional\u0103 de Supraveghere a Prelucr\u0103rii Datelor cu Caracter Personal, care are <br \/>urm\u0103toarele date de contact:<br \/>ANSPDCP<br \/>Bulevardul General Gheorghe Magheru 28-30 010336 \u2013 Bucuresti, 1<br \/>Tel. +4031 8059211<br \/>Email: anspdcp@dataprotection.ro<\/p>\n<p>UTILIZAREA DE COOKIES<br \/>Website-ul ASCO 90 srl nu utilizeaza cookies si nu este interesat de acest aspect.<\/p>\n<\/div>\n<\/div><\/div><\/div><\/div><\/div>","protected":false},"excerpt":{"rendered":"<p>Declaratie privind Datele PrivatePOLITICA DE CONFIDENTIALITATE \u2013 ASCO 90 srl Aici puteti citi cum proceseaza ASCO 90 srl datele personale pe cale le primim de la dvs. Politica de confidentialitate priveste documentele in relatia cu dvs. Firma noastra nu poseda si nu isi doreste inregistrari pe Facebook, Linkedin sau alte site-uri asemanatoare. CONTROLUL DATELOR\u00cen conformitate [&hellip;]<\/p>\n","protected":false},"author":1,"featured_media":0,"parent":0,"menu_order":0,"comment_status":"closed","ping_status":"closed","template":"","meta":[],"_links":{"self":[{"href":"https:\/\/asco90.ro\/wordpress\/wp-json\/wp\/v2\/pages\/1413"}],"collection":[{"href":"https:\/\/asco90.ro\/wordpress\/wp-json\/wp\/v2\/pages"}],"about":[{"href":"https:\/\/asco90.ro\/wordpress\/wp-json\/wp\/v2\/types\/page"}],"author":[{"embeddable":true,"href":"https:\/\/asco90.ro\/wordpress\/wp-json\/wp\/v2\/users\/1"}],"replies":[{"embeddable":true,"href":"https:\/\/asco90.ro\/wordpress\/wp-json\/wp\/v2\/comments?post=1413"}],"version-history":[{"count":3,"href":"https:\/\/asco90.ro\/wordpress\/wp-json\/wp\/v2\/pages\/1413\/revisions"}],"predecessor-version":[{"id":1783,"href":"https:\/\/asco90.ro\/wordpress\/wp-json\/wp\/v2\/pages\/1413\/revisions\/1783"}],"wp:attachment":[{"href":"https:\/\/asco90.ro\/wordpress\/wp-json\/wp\/v2\/media?parent=1413"}],"curies":[{"name":"wp","href":"https:\/\/api.w.org\/{rel}","templated":true}]}}