{"id":1804,"date":"2021-06-15T17:59:18","date_gmt":"2021-06-15T14:59:18","guid":{"rendered":"http:\/\/asco90.ro\/wordpress\/?page_id=1804"},"modified":"2021-06-15T19:05:13","modified_gmt":"2021-06-15T16:05:13","slug":"sisteme-qst","status":"publish","type":"page","link":"https:\/\/asco90.ro\/wordpress\/sisteme-qst","title":{"rendered":"Sisteme QST"},"content":{"rendered":"\n<hr class=\"wp-block-separator is-style-wide\"\/>\n\n\n\n<div class=\"wp-block-columns are-vertically-aligned-center\">\n<div class=\"wp-block-column is-vertically-aligned-center\" style=\"flex-basis:600px\">\n<p>Testare termic\u0103 simpl\u0103, validat\u0103, pentru fibrele nervoase periferice mici:<\/p>\n\n\n\n<ul><li>Q-Sense este un dispozitiv portabil, u\u0219or de utilizat \u0219i accesibil, de testare cantitativ\u0103 senzorial\u0103 (QST) pentru utilizare clinic\u0103, de cercetare \u0219i pentru studii farmacologice. <\/li><li>Toate acestea pot fi factori determinan\u021bi utili \u00een evaluarea func\u021biei nervoase senzoriale periferice, a durerii neuropatice, diabetice, chimioterapeutice \u0219i a altor neuropatii a fibrelor mici.<\/li><\/ul>\n<\/div>\n\n\n\n<div class=\"wp-block-column\">\n<div class=\"wp-block-image\"><figure class=\"alignright size-large is-resized\"><img loading=\"lazy\" src=\"https:\/\/asco90.ro\/wordpress\/wp-content\/uploads\/2021\/06\/Q-SENSE.jpg\" alt=\"\" class=\"wp-image-1796\" width=\"213\" height=\"412\" srcset=\"https:\/\/asco90.ro\/wordpress\/wp-content\/uploads\/2021\/06\/Q-SENSE.jpg 425w, https:\/\/asco90.ro\/wordpress\/wp-content\/uploads\/2021\/06\/Q-SENSE-6x12.jpg 6w\" sizes=\"(max-width: 213px) 100vw, 213px\" \/><\/figure><\/div>\n<\/div>\n<\/div>\n\n\n\n<hr class=\"wp-block-separator is-style-wide\"\/>\n\n\n\n<div class=\"wp-block-columns are-vertically-aligned-center\">\n<div class=\"wp-block-column is-vertically-aligned-center\" style=\"flex-basis:600px\">\n<p id=\"tw-target-text\">Stimulator termosenzorial avansat (TSA) cu 2 termode:    <\/p>\n\n\n\n<ul><li>Control precis a temperaturii de stimulare<\/li><li>Capacitate de programare prin control extern<\/li><li>Viteze rapide de stimulare termic\u0103 &#8211; p\u00e2n\u0103 la 13 \u00b0 C \/ sec<\/li><li>Configura\u021bii a termodelor in mod single \u0219i dual<\/li><li>Upgrade pentru mediul de imagistic\u0103 fMRI<\/li><\/ul>\n<\/div>\n\n\n\n<div class=\"wp-block-column\">\n<div class=\"wp-block-image\"><figure class=\"alignright size-large is-resized\"><img loading=\"lazy\" src=\"https:\/\/asco90.ro\/wordpress\/wp-content\/uploads\/2021\/06\/TSA_II.jpg\" alt=\"\" class=\"wp-image-1797\" width=\"254\" height=\"258\" srcset=\"https:\/\/asco90.ro\/wordpress\/wp-content\/uploads\/2021\/06\/TSA_II.jpg 539w, https:\/\/asco90.ro\/wordpress\/wp-content\/uploads\/2021\/06\/TSA_II-12x12.jpg 12w\" sizes=\"(max-width: 254px) 100vw, 254px\" \/><\/figure><\/div>\n<\/div>\n<\/div>\n\n\n\n<p><\/p>\n","protected":false},"excerpt":{"rendered":"<p>Testare termic\u0103 simpl\u0103, validat\u0103, pentru fibrele nervoase periferice mici: Q-Sense este un dispozitiv portabil, u\u0219or de utilizat \u0219i accesibil, de testare cantitativ\u0103 senzorial\u0103 (QST) pentru utilizare clinic\u0103, de cercetare \u0219i pentru studii farmacologice. Toate acestea pot fi factori determinan\u021bi utili \u00een evaluarea func\u021biei nervoase senzoriale periferice, a durerii neuropatice, diabetice, chimioterapeutice \u0219i a altor neuropatii [&hellip;]<\/p>\n","protected":false},"author":1,"featured_media":0,"parent":0,"menu_order":0,"comment_status":"closed","ping_status":"closed","template":"","meta":[],"_links":{"self":[{"href":"https:\/\/asco90.ro\/wordpress\/wp-json\/wp\/v2\/pages\/1804"}],"collection":[{"href":"https:\/\/asco90.ro\/wordpress\/wp-json\/wp\/v2\/pages"}],"about":[{"href":"https:\/\/asco90.ro\/wordpress\/wp-json\/wp\/v2\/types\/page"}],"author":[{"embeddable":true,"href":"https:\/\/asco90.ro\/wordpress\/wp-json\/wp\/v2\/users\/1"}],"replies":[{"embeddable":true,"href":"https:\/\/asco90.ro\/wordpress\/wp-json\/wp\/v2\/comments?post=1804"}],"version-history":[{"count":30,"href":"https:\/\/asco90.ro\/wordpress\/wp-json\/wp\/v2\/pages\/1804\/revisions"}],"predecessor-version":[{"id":1847,"href":"https:\/\/asco90.ro\/wordpress\/wp-json\/wp\/v2\/pages\/1804\/revisions\/1847"}],"wp:attachment":[{"href":"https:\/\/asco90.ro\/wordpress\/wp-json\/wp\/v2\/media?parent=1804"}],"curies":[{"name":"wp","href":"https:\/\/api.w.org\/{rel}","templated":true}]}}