{"id":4,"date":"2017-10-26T12:31:39","date_gmt":"2017-10-26T12:31:39","guid":{"rendered":"http:\/\/10.0.6.147:700\/wordpress\/?page_id=4"},"modified":"2021-06-09T15:21:06","modified_gmt":"2021-06-09T12:21:06","slug":"home","status":"publish","type":"page","link":"https:\/\/asco90.ro\/wordpress\/","title":{"rendered":"Acasa"},"content":{"rendered":"<div id=\"pl-4\"  class=\"panel-layout\" ><div id=\"pg-4-0\"  class=\"panel-grid panel-no-style\" ><div id=\"pgc-4-0-0\"  class=\"panel-grid-cell\" ><div id=\"panel-4-0-0-0\" class=\"so-panel widget widget_master-slider-main-widget master-slider-main-widget panel-first-child panel-last-child\" data-index=\"0\" >\n\t\t<!-- MasterSlider -->\n\t\t<div id=\"P_MS69e19fd658188\" class=\"master-slider-parent msl ms-parent-id-2\" style=\"max-width:1400px;\">\n\n\t\t\t\n\t\t\t<!-- MasterSlider Main -->\n\t\t\t<div id=\"MS69e19fd658188\" class=\"master-slider ms-skin-light-3\" >\n\t\t\t\t \t\t\t\t \n\t\t\t\t<div  class=\"ms-slide\" data-delay=\"3\" data-fill-mode=\"fill\"  >\n\t\t\t\t\t<img src=\"https:\/\/asco90.ro\/wordpress\/wp-content\/plugins\/master-slider\/public\/assets\/css\/blank.gif\" alt=\"Wireless EEG\" title=\"\" data-src=\"https:\/\/asco90.ro\/wordpress\/wp-content\/uploads\/2017\/11\/natus.jpg\" \/>\n\n\n\t<div class=\"ms-thumb\" ><div class=\"ms-tab-context\"><div class=&quot;ms-tab-context&quot;><\/div><\/div>\n<\/div>\n\t\t\t\t<\/div>\n\t\t\t\t<div  class=\"ms-slide\" data-delay=\"3\" data-fill-mode=\"fill\"  >\n\t\t\t\t\t<img src=\"https:\/\/asco90.ro\/wordpress\/wp-content\/plugins\/master-slider\/public\/assets\/css\/blank.gif\" alt=\"\" title=\"\" data-src=\"https:\/\/asco90.ro\/wordpress\/wp-content\/uploads\/2017\/05\/statie-natus.jpg\" \/>\n\n\n\t<div class=\"ms-thumb\" ><div class=\"ms-tab-context\"><div class=&quot;ms-tab-context&quot;><\/div><\/div>\n<\/div>\n\t\t\t\t<\/div>\n\t\t\t\t<div  class=\"ms-slide\" data-delay=\"3\" data-fill-mode=\"fill\"  >\n\t\t\t\t\t<img src=\"https:\/\/asco90.ro\/wordpress\/wp-content\/plugins\/master-slider\/public\/assets\/css\/blank.gif\" alt=\"\" title=\"\" data-src=\"https:\/\/asco90.ro\/wordpress\/wp-content\/uploads\/2017\/05\/sleep-analyse.jpg\" \/>\n\n\n\t<div class=\"ms-thumb\" ><div class=\"ms-tab-context\"><div class=&quot;ms-tab-context&quot;><\/div><\/div>\n<\/div>\n\t\t\t\t<\/div>\n\t\t\t\t<div  class=\"ms-slide\" data-delay=\"3\" data-fill-mode=\"fill\"  >\n\t\t\t\t\t<img src=\"https:\/\/asco90.ro\/wordpress\/wp-content\/plugins\/master-slider\/public\/assets\/css\/blank.gif\" alt=\"\" title=\"\" data-src=\"https:\/\/asco90.ro\/wordpress\/wp-content\/uploads\/2017\/05\/brain-lab.jpg\" \/>\n\n\n\t<div class=\"ms-thumb\" ><div class=\"ms-tab-context\"><div class=&quot;ms-tab-context&quot;><\/div><\/div>\n<\/div>\n\t\t\t\t<\/div>\n\t\t\t\t<div  class=\"ms-slide\" data-delay=\"3\" data-fill-mode=\"fill\"  >\n\t\t\t\t\t<img src=\"https:\/\/asco90.ro\/wordpress\/wp-content\/plugins\/master-slider\/public\/assets\/css\/blank.gif\" alt=\"\" title=\"\" data-src=\"https:\/\/asco90.ro\/wordpress\/wp-content\/uploads\/2017\/05\/brain-lab2.jpg\" \/>\n\n\n\t<div class=\"ms-thumb\" ><div class=\"ms-tab-context\"><div class=&quot;ms-tab-context&quot;><\/div><\/div>\n<\/div>\n\t\t\t\t<\/div>\n\t\t\t\t<div  class=\"ms-slide\" data-delay=\"3\" data-fill-mode=\"fill\"  >\n\t\t\t\t\t<img src=\"https:\/\/asco90.ro\/wordpress\/wp-content\/plugins\/master-slider\/public\/assets\/css\/blank.gif\" alt=\"\" title=\"\" data-src=\"https:\/\/asco90.ro\/wordpress\/wp-content\/uploads\/2017\/05\/easy-cap.jpg\" \/>\n\n\n\t<div class=\"ms-thumb\" ><div class=\"ms-tab-context\"><div class=&quot;ms-tab-context&quot;><\/div><\/div>\n<\/div>\n\t\t\t\t<\/div>\n\t\t\t\t<div  class=\"ms-slide\" data-delay=\"3\" data-fill-mode=\"fill\"  >\n\t\t\t\t\t<img src=\"https:\/\/asco90.ro\/wordpress\/wp-content\/plugins\/master-slider\/public\/assets\/css\/blank.gif\" alt=\"\" title=\"\" data-src=\"https:\/\/asco90.ro\/wordpress\/wp-content\/uploads\/2017\/05\/mag-pro.jpg\" \/>\n\n\n\t<div class=\"ms-thumb\" ><div class=\"ms-tab-context\"><div class=&quot;ms-tab-context&quot;><\/div><\/div>\n<\/div>\n\t\t\t\t<\/div>\n\t\t\t\t<div  class=\"ms-slide\" data-delay=\"3\" data-fill-mode=\"fill\"  >\n\t\t\t\t\t<img src=\"https:\/\/asco90.ro\/wordpress\/wp-content\/plugins\/master-slider\/public\/assets\/css\/blank.gif\" alt=\"\" title=\"\" data-src=\"https:\/\/asco90.ro\/wordpress\/wp-content\/uploads\/2017\/05\/natus2.jpg\" \/>\n\n\n\t<div class=\"ms-thumb\" ><div class=\"ms-tab-context\"><div class=&quot;ms-tab-context&quot;><\/div><\/div>\n<\/div>\n\t\t\t\t<\/div>\n\t\t\t\t<div  class=\"ms-slide\" data-delay=\"3\" data-fill-mode=\"fill\"  >\n\t\t\t\t\t<img src=\"https:\/\/asco90.ro\/wordpress\/wp-content\/plugins\/master-slider\/public\/assets\/css\/blank.gif\" alt=\"\" title=\"\" data-src=\"https:\/\/asco90.ro\/wordpress\/wp-content\/uploads\/2017\/05\/natus3.jpg\" \/>\n\n\n\t<div class=\"ms-thumb\" ><div class=\"ms-tab-context\"><div class=&quot;ms-tab-context&quot;><\/div><\/div>\n<\/div>\n\t\t\t\t<\/div>\n\n\t\t\t<\/div>\n\t\t\t<!-- END MasterSlider Main -->\n\n\t\t\t \n\t\t<\/div>\n\t\t<!-- END MasterSlider -->\n\n\t\t<script>\n\t\t(function ( $ ) {\n\t\t\t\"use strict\";\n\n\t\t\t$(function () {\n\t\t\t\tvar masterslider_8188 = new MasterSlider();\n\n\t\t\t\t\/\/ slider controls\n\t\t\t\tmasterslider_8188.control('arrows'     ,{ autohide:false, overVideo:true  });\t\t\t\tmasterslider_8188.control('bullets'    ,{ autohide:true, overVideo:true, dir:'h', align:'bottom' , margin:10  });\n\n\t\t\t\tmasterslider_8188.control('circletimer',{ autohide:false, overVideo:true, color:'#434343', radius:10, stroke:3   });\n\t\t\t\tmasterslider_8188.control('timebar'    ,{ autohide:false, overVideo:true, align:'bottom', color:'#FFFFFF'  , width:4 });\n\t\t\t\t\/\/ slider setup\n\t\t\t\tmasterslider_8188.setup(\"MS69e19fd658188\", {\n\t\t\t\t\t\twidth           : 1400,\n\t\t\t\t\t\theight          : 480,\n\t\t\t\t\t\tminHeight       : 0,\n\t\t\t\t\t\tspace           : 0,\n\t\t\t\t\t\tstart           : 1,\n\t\t\t\t\t\tgrabCursor      : false,\n\t\t\t\t\t\tswipe           : true,\n\t\t\t\t\t\tmouse           : true,\n\t\t\t\t\t\tlayout          : \"boxed\",\n\t\t\t\t\t\twheel           : false,\n\t\t\t\t\t\tautoplay        : true,\n\t\t\t\t\t\tinstantStartLayers:false,\n\t\t\t\t\t\tloop            : true,\n\t\t\t\t\t\tshuffle         : false,\n\t\t\t\t\t\tpreload         : 0,\n\t\t\t\t\t\theightLimit     : true,\n\t\t\t\t\t\tautoHeight      : true,\n\t\t\t\t\t\tsmoothHeight    : true,\n\t\t\t\t\t\tendPause        : false,\n\t\t\t\t\t\toverPause       : true,\n\t\t\t\t\t\tfillMode        : \"fill\",\n\t\t\t\t\t\tcenterControls  : true,\n\t\t\t\t\t\tstartOnAppear   : false,\n\t\t\t\t\t\tlayersMode      : \"center\",\n\t\t\t\t\t\thideLayers      : false,\n\t\t\t\t\t\tfullscreenMargin: 0,\n\t\t\t\t\t\tspeed           : 20,\n\t\t\t\t\t\tdir             : \"h\",\n\t\t\t\t\t\tparallaxMode    : 'swipe',\n\t\t\t\t\t\tview            : \"basic\"\n\t\t\t\t});\n\n\t\t\t\t\n\t\t\t\twindow.masterslider_instances = window.masterslider_instances || [];\n\t\t\t\twindow.masterslider_instances.push( masterslider_8188 );\n\t\t\t });\n\n\t\t})(jQuery);\n\t\t<\/script>\n\n<\/div><\/div><\/div><div id=\"pg-4-1\"  class=\"panel-grid panel-no-style\" ><div id=\"pgc-4-1-0\"  class=\"panel-grid-cell\" ><hr class=\"aux-divider-symbolic-square aux-divider-align-center aux-symbol-align-center\" ><\/div><\/div><div id=\"pg-4-2\"  class=\"panel-grid panel-has-style\" ><div class=\"panel-row-style panel-row-style-for-4-2\" ><div id=\"pgc-4-2-0\"  class=\"panel-grid-cell\" ><div id=\"panel-4-2-0-0\" class=\"so-panel widget widget_sow-editor panel-first-child panel-last-child\" data-index=\"2\" ><div class=\"panel-widget-style panel-widget-style-for-4-2-0-0\" ><div class=\"so-widget-sow-editor so-widget-sow-editor-base\">\n<div class=\"siteorigin-widget-tinymce textwidget\">\n\t<h3>Despre noi<\/h3>\n<h5>Principala noastr\u0103 \u021bint\u0103 pentru pia\u021ba din Rom\u00e2nia este neurologia, \u00een special neurofiziologia \u0219i neurochirurgia.<\/h5>\n<\/div>\n<\/div><\/div><\/div><\/div><div id=\"pgc-4-2-1\"  class=\"panel-grid-cell\" ><a  href=\"http:\/\/asco90.ro\/wordpress\/?page_id=5\" target=\"_self\"   class=\"aux-button aux-medium aux-carmine-pink aux-uppercase\" ><span class=\"aux-overlay\"><\/span><span class=\"aux-text\">Mai Mult<\/span><\/a><\/div><\/div><\/div><div id=\"pg-4-3\"  class=\"panel-grid panel-no-style\" ><div id=\"pgc-4-3-0\"  class=\"panel-grid-cell\" ><hr class=\"aux-divider-symbolic-square aux-divider-align-center aux-symbol-align-center\" ><\/div><\/div><div id=\"pg-4-4\"  class=\"panel-grid panel-no-style\" ><div id=\"pgc-4-4-0\"  class=\"panel-grid-cell\" ><div id=\"panel-4-4-0-0\" class=\"so-panel widget widget_aux_accordion panel-first-child panel-last-child\" data-index=\"5\" ><div class=\"so-widget-aux_accordion so-widget-aux_accordion-default-d75171398898-4\"><section class=\"widget-container aux-widget-accordion widget-toggle aux-parent-audf5c28aa\" style=\"\" ><h3 class=\"widget-title\">Produsele Noastre<\/h3><div class=\"widget-inner  aux-type-accordion\" data-toggle=\"false\"><section class=\"aux-toggle-item\"><h6 id=\"aux-toggle-header-1\" class=\"aux-toggle-header toggle-header\" tabindex=\"1\" role=\"tab\" aria-controls=\"aux-toggle-content-1\" >Sisteme EEG<\/h6><div id=\"aux-toggle-content-1\" class=\"aux-toggle-content toggle-content\" tabindex=\"1\" role=\"tabpanel\" aria-labelledby=\"aux-toggle-header-1\" ><p>Sisteme EEG produse de EMS GmbH. \/ Austria\nSisteme EEG produse de Natus Medical Inc. \/ USA<\/p><\/div><\/section><section class=\"aux-toggle-item\"><h6 id=\"aux-toggle-header-2\" class=\"aux-toggle-header toggle-header\" tabindex=\"2\" role=\"tab\" aria-controls=\"aux-toggle-content-2\" >Sisteme EMG<\/h6><div id=\"aux-toggle-content-2\" class=\"aux-toggle-content toggle-content\" tabindex=\"2\" role=\"tabpanel\" aria-labelledby=\"aux-toggle-header-2\" ><p>Sistem EMG produs de EMS GmbH. \/ Austria\nSisteme EMG produse de Natus Medical Inc. \/ USA<\/p><\/div><\/section><section class=\"aux-toggle-item\"><h6 id=\"aux-toggle-header-3\" class=\"aux-toggle-header toggle-header\" tabindex=\"3\" role=\"tab\" aria-controls=\"aux-toggle-content-3\" >SISTEME LTM, PSG<\/h6><div id=\"aux-toggle-content-3\" class=\"aux-toggle-content toggle-content\" tabindex=\"3\" role=\"tabpanel\" aria-labelledby=\"aux-toggle-header-3\" ><p>Sistem EMG produs de EMS GmbH. \/ Austria\nSisteme EMG produse de Natus Medical Inc. \/ USA<\/p><\/div><\/section><section class=\"aux-toggle-item\"><h6 id=\"aux-toggle-header-4\" class=\"aux-toggle-header toggle-header\" tabindex=\"4\" role=\"tab\" aria-controls=\"aux-toggle-content-4\" >SISTEME NEURONAVIGATIE<\/h6><div id=\"aux-toggle-content-4\" class=\"aux-toggle-content toggle-content\" tabindex=\"4\" role=\"tabpanel\" aria-labelledby=\"aux-toggle-header-4\" ><p>Sistemele produse de firma german\u00e3 BrainLAB GmbH ating cele mai avansate tehnologii utilizate \u00een neuronavigatie.<\/p><\/div><\/section><section class=\"aux-toggle-item\"><h6 id=\"aux-toggle-header-5\" class=\"aux-toggle-header toggle-header\" tabindex=\"5\" role=\"tab\" aria-controls=\"aux-toggle-content-5\" >STIMULARE MAGNETICA<\/h6><div id=\"aux-toggle-content-5\" class=\"aux-toggle-content toggle-content\" tabindex=\"5\" role=\"tabpanel\" aria-labelledby=\"aux-toggle-header-5\" ><p>Sistemele pentru stimulare magnetic\u00e3 produse de firma danez\u00e3 MagVenture ApS pot fi considerate cele mai evaluate stimulatoare magnetice aflate pe piata mondial\u00e3.<\/p><\/div><\/section><section class=\"aux-toggle-item\"><h6 id=\"aux-toggle-header-6\" class=\"aux-toggle-header toggle-header\" tabindex=\"6\" role=\"tab\" aria-controls=\"aux-toggle-content-6\" >SISTEME DOPPLER<\/h6><div id=\"aux-toggle-content-6\" class=\"aux-toggle-content toggle-content\" tabindex=\"6\" role=\"tabpanel\" aria-labelledby=\"aux-toggle-header-6\" ><p>Sistemele Doppler (only) produse de firma german\u00e3 Compumedics Germany (DWL) GmbH sunt cele mai performante sisteme de analiz\u00e3 vascular\u00e3 aflate \u00een acest moment pe piat\u00e3.<\/p><\/div><\/section><section class=\"aux-toggle-item\"><h6 id=\"aux-toggle-header-7\" class=\"aux-toggle-header toggle-header\" tabindex=\"7\" role=\"tab\" aria-controls=\"aux-toggle-content-7\" >CONSUMABILE EEG, EMG, PSG, LTM, IOM<\/h6><div id=\"aux-toggle-content-7\" class=\"aux-toggle-content toggle-content\" tabindex=\"7\" role=\"tabpanel\" aria-labelledby=\"aux-toggle-header-7\" ><p>Firma noastra are capacitatea de a oferi o gama extreme de larga de accesorii si consumabile pentru EEG, EMG, LTM si PSG. Ne ocupam atat de sistemele noi, instalate in ultimii ani, cat si de sisteme care au o perioada de utilizare mai indelungata si care solicita accesorii si consumabile noi.<\/p><\/div><\/section><section class=\"aux-toggle-item\"><h6 id=\"aux-toggle-header-8\" class=\"aux-toggle-header toggle-header\" tabindex=\"8\" role=\"tab\" aria-controls=\"aux-toggle-content-8\" >CONSUMABILE EKG<\/h6><div id=\"aux-toggle-content-8\" class=\"aux-toggle-content toggle-content\" tabindex=\"8\" role=\"tabpanel\" aria-labelledby=\"aux-toggle-header-8\" ><p>Firma noastra ofer\u00e3 suplimentar, ca o conexiune cu activit\u00e3tile de investigatii neurofiziologice si consumabile si accesorii EKG sau Pulsoximetrie. V\u00e3 st\u00e3m la dispozitie at\u00e2t cu accesorii (cabluri de diferite tipuri, conectori) c\u00e2t si cu consumabile (electrozi diferiti).<\/p><\/div><\/section><\/div><\/section><!-- widget-container --><\/div><\/div><\/div><div id=\"pgc-4-4-1\"  class=\"panel-grid-cell\" ><div id=\"panel-4-4-1-0\" class=\"so-panel widget widget_sow-editor panel-first-child\" data-index=\"6\" ><div class=\"so-widget-sow-editor so-widget-sow-editor-base\">\n<div class=\"siteorigin-widget-tinymce textwidget\">\n\t<div class=\"column one-half last\">\n<h3>Suport<\/h3>\n<p>Firma noastr\u0103 ofer\u0103 service specializat pentru toate sistemele instalate pe pia\u021ba rom\u00e2neasc\u0103. \u00cen mod curent, oferim service \u00een max. 48 ore \u00een teritoriu si \u00een max. 24 ore \u00een Bucure\u0219ti. Aceasta dac\u0103 au fost respectate procedurile de solicitare service sau dac\u0103 exist\u0103 un contract ferm de service.<\/p>\n<\/div>\n<\/div>\n<\/div><\/div><section id=\"panel-4-4-1-1\" class=\"widget-container aux-widget-contact-box aux-parent-au8271ec34 so-panel widget widget_aux_contact_box panel-last-child\" data-index=\"7\"  style=\"\"  ><section class=\"widget-container aux-widget-contact-box aux-parent-au8271ec34 panel-widget-style panel-widget-style-for-4-4-1-1\"  style=\"\"  ><h3 class=\"widget-title\">Contact<\/h3><div class=\"aux-contact-details\"><ul><li class=\"phone\"><i class=\"auxicon-phone-classic-on\"><\/i><span class=\"info-text\">+4021.2124366 | +40722622552<\/span><\/li><li class=\"email\"><i class=\"auxicon-mail-3\"><\/i><span class=\"info-text\">o&#102;fi&#99;e&#64;&#97;sc&#111;90&#46;&#114;&#111; <\/span><\/li><li class=\"address\"><i class=\"auxicon-map-pin-streamline\"><\/i><span class=\"info-text\"> Sos. Stefan cel Mare 1-3, Bloc Perla, Sc. 1, Apt. 2, Bucure\u0219ti 011736<\/span><\/li><\/ul><\/div><\/section><\/section><\/div><\/div><div id=\"pg-4-5\"  class=\"panel-grid panel-no-style\" ><div id=\"pgc-4-5-0\"  class=\"panel-grid-cell\" ><hr class=\"aux-divider-symbolic-square aux-divider-align-center aux-symbol-align-center\" ><\/div><\/div><div id=\"pg-4-6\"  class=\"panel-grid panel-has-style\" ><div class=\"panel-row-style panel-row-style-for-4-6\" ><div id=\"pgc-4-6-0\"  class=\"panel-grid-cell\" ><div id=\"panel-4-6-0-0\" class=\"so-panel widget widget_sow-editor panel-first-child panel-last-child\" data-index=\"9\" ><div class=\"panel-widget-style panel-widget-style-for-4-6-0-0\" ><div class=\"so-widget-sow-editor so-widget-sow-editor-base\">\n<div class=\"siteorigin-widget-tinymce textwidget\">\n\t<h3>Informatii Privind G.D.P.R.<\/h3>\n<h5>Pentru mai multe informatii privind protectia datelor personale, apasati aici.<\/h5>\n<\/div>\n<\/div><\/div><\/div><\/div><div id=\"pgc-4-6-1\"  class=\"panel-grid-cell\" ><a  href=\"http:\/\/asco90.ro\/wordpress\/?page_id=1407\" target=\"_self\"   class=\"aux-button aux-medium aux-carmine-pink aux-uppercase\" ><span class=\"aux-overlay\"><\/span><span class=\"aux-text\">Mai Mult<\/span><\/a><\/div><\/div><\/div><div id=\"pg-4-7\"  class=\"panel-grid panel-no-style\" ><div id=\"pgc-4-7-0\"  class=\"panel-grid-cell\" ><hr class=\"aux-divider-symbolic-square aux-divider-align-center aux-symbol-align-center\" ><\/div><\/div><div id=\"pg-4-8\"  class=\"panel-grid panel-no-style\" ><div id=\"pgc-4-8-0\"  class=\"panel-grid-cell\" ><section id=\"panel-4-8-0-0\" class=\"widget-container aux-widget-gallery aux-parent-auc5e14c64 so-panel widget widget_aux_gallery panel-first-child panel-last-child\" data-index=\"12\"  style=\"\"  ><h3 class=\"widget-title\">Galerie Foto<\/h3><div id='aux-gallery-1' class='aux-gallery galleryid-4 gallery-columns-4 aux-lightbox-gallery'><div class=\"aux-gallery-container aux-isotope-animated aux-row aux-de-col4 aux-tb-col4 aux-mb-col1 elementor-clickable aux-no-gutter aux-layout-masonry\"  data-pagination=\"false\" data-lazyload=\"false\" data-perpage=\"24\" data-layout=\"masonry\" data-space=\"10\" >    <figure class=\"gallery-item aux-hover-active aux-iso-item aux-col \">\n            <div class=\"aux-frame-mask-plain aux-frame-ratio \">\n                <a href=\"https:\/\/asco90.ro\/wordpress\/wp-content\/uploads\/2017\/11\/RodentaDentalTourJ8wGDQ.jpg\" class=\"aux-frame-ratio-inner aux-frame-darken aux-lightbox-btn \" data-elementor-open-lightbox=\"no\" data-original-width=\"1279\" data-original-height=\"997\" data-caption=\"RodentaDentalTourJ8wGDQ\">\n                                <div class=\"aux-hover-scale-circle-plus2\">\n                        <span class=\"aux-symbol-plus\"><\/span>\n                        <span class=\"aux-symbol-circle\"><\/span>\n                    <\/div>\n                        <img width=\"300\" height=\"300\" src=\"https:\/\/asco90.ro\/wordpress\/wp-content\/uploads\/2017\/11\/RodentaDentalTourJ8wGDQ-300x234.jpg\" class=\"aux-attachment aux-featured-image attachment-300x300 aux-attachment-id-1209 \" alt=\"RodentaDentalTourJ8wGDQ\" srcset=\"https:\/\/asco90.ro\/wordpress\/wp-content\/uploads\/2017\/11\/RodentaDentalTourJ8wGDQ-150x150.jpg 150w,https:\/\/asco90.ro\/wordpress\/wp-content\/uploads\/2017\/11\/RodentaDentalTourJ8wGDQ-300x234.jpg 300w,https:\/\/asco90.ro\/wordpress\/wp-content\/uploads\/2017\/11\/RodentaDentalTourJ8wGDQ-768x599.jpg 768w,https:\/\/asco90.ro\/wordpress\/wp-content\/uploads\/2017\/11\/RodentaDentalTourJ8wGDQ-1024x798.jpg 1024w,https:\/\/asco90.ro\/wordpress\/wp-content\/uploads\/2017\/11\/RodentaDentalTourJ8wGDQ-300x234.jpg 300w,https:\/\/asco90.ro\/wordpress\/wp-content\/uploads\/2017\/11\/RodentaDentalTourJ8wGDQ-1269x1269.jpg 1269w\" data-ratio=\"1\" data-original-w=\"1279\" sizes=\"(max-width:767px) 100vw,(min-width:768px) and (max-width:1025px) 25vw,330px\" \/>                <\/a>\n            <\/div>\n                <\/figure>\n    <figure class=\"gallery-item aux-hover-active aux-iso-item aux-col \">\n            <div class=\"aux-frame-mask-plain aux-frame-ratio \">\n                <a href=\"https:\/\/asco90.ro\/wordpress\/wp-content\/uploads\/2017\/11\/RodentaDentalTourLZW4jI.jpg\" class=\"aux-frame-ratio-inner aux-frame-darken aux-lightbox-btn \" data-elementor-open-lightbox=\"no\" data-original-width=\"2592\" data-original-height=\"1944\" data-caption=\"RodentaDentalTourLZW4jI\">\n                                <div class=\"aux-hover-scale-circle-plus2\">\n                        <span class=\"aux-symbol-plus\"><\/span>\n                        <span class=\"aux-symbol-circle\"><\/span>\n                    <\/div>\n                        <img width=\"300\" height=\"300\" src=\"https:\/\/asco90.ro\/wordpress\/wp-content\/uploads\/2017\/11\/RodentaDentalTourLZW4jI-300x225.jpg\" class=\"aux-attachment aux-featured-image attachment-300x300 aux-attachment-id-1210 \" alt=\"RodentaDentalTourLZW4jI\" srcset=\"https:\/\/asco90.ro\/wordpress\/wp-content\/uploads\/2017\/11\/RodentaDentalTourLZW4jI-150x150.jpg 150w,https:\/\/asco90.ro\/wordpress\/wp-content\/uploads\/2017\/11\/RodentaDentalTourLZW4jI-300x225.jpg 300w,https:\/\/asco90.ro\/wordpress\/wp-content\/uploads\/2017\/11\/RodentaDentalTourLZW4jI-768x576.jpg 768w,https:\/\/asco90.ro\/wordpress\/wp-content\/uploads\/2017\/11\/RodentaDentalTourLZW4jI-1024x768.jpg 1024w,https:\/\/asco90.ro\/wordpress\/wp-content\/uploads\/2017\/11\/RodentaDentalTourLZW4jI-300x225.jpg 300w,https:\/\/asco90.ro\/wordpress\/wp-content\/uploads\/2017\/11\/RodentaDentalTourLZW4jI-2582x2582.jpg 2582w\" data-ratio=\"1\" data-original-w=\"2592\" sizes=\"(max-width:767px) 100vw,(min-width:768px) and (max-width:1025px) 25vw,330px\" \/>                <\/a>\n            <\/div>\n                <\/figure>\n    <figure class=\"gallery-item aux-hover-active aux-iso-item aux-col \">\n            <div class=\"aux-frame-mask-plain aux-frame-ratio \">\n                <a href=\"https:\/\/asco90.ro\/wordpress\/wp-content\/uploads\/2017\/11\/RodentaDentalTourn2VeNg.jpg\" class=\"aux-frame-ratio-inner aux-frame-darken aux-lightbox-btn \" data-elementor-open-lightbox=\"no\" data-original-width=\"448\" data-original-height=\"336\" data-caption=\"RodentaDentalTourn2VeNg\">\n                                <div class=\"aux-hover-scale-circle-plus2\">\n                        <span class=\"aux-symbol-plus\"><\/span>\n                        <span class=\"aux-symbol-circle\"><\/span>\n                    <\/div>\n                        <img width=\"300\" height=\"300\" src=\"https:\/\/asco90.ro\/wordpress\/wp-content\/uploads\/2017\/11\/RodentaDentalTourn2VeNg-300x225.jpg\" class=\"aux-attachment aux-featured-image attachment-300x300 aux-attachment-id-1211 \" alt=\"RodentaDentalTourn2VeNg\" srcset=\"https:\/\/asco90.ro\/wordpress\/wp-content\/uploads\/2017\/11\/RodentaDentalTourn2VeNg-150x150.jpg 150w,https:\/\/asco90.ro\/wordpress\/wp-content\/uploads\/2017\/11\/RodentaDentalTourn2VeNg-300x225.jpg 300w,https:\/\/asco90.ro\/wordpress\/wp-content\/uploads\/2017\/11\/RodentaDentalTourn2VeNg-300x225.jpg 300w,https:\/\/asco90.ro\/wordpress\/wp-content\/uploads\/2017\/11\/RodentaDentalTourn2VeNg-438x438.jpg 438w\" data-ratio=\"1\" data-original-w=\"448\" sizes=\"(max-width:767px) 100vw,(min-width:768px) and (max-width:1025px) 25vw,330px\" \/>                <\/a>\n            <\/div>\n                <\/figure>\n    <figure class=\"gallery-item aux-hover-active aux-iso-item aux-col \">\n            <div class=\"aux-frame-mask-plain aux-frame-ratio \">\n                <a href=\"https:\/\/asco90.ro\/wordpress\/wp-content\/uploads\/2017\/11\/RodentaDentalTourSzmjL0.jpg\" class=\"aux-frame-ratio-inner aux-frame-darken aux-lightbox-btn \" data-elementor-open-lightbox=\"no\" data-original-width=\"1600\" data-original-height=\"1200\" data-caption=\"RodentaDentalTourSzmjL0\">\n                                <div class=\"aux-hover-scale-circle-plus2\">\n                        <span class=\"aux-symbol-plus\"><\/span>\n                        <span class=\"aux-symbol-circle\"><\/span>\n                    <\/div>\n                        <img width=\"300\" height=\"300\" src=\"https:\/\/asco90.ro\/wordpress\/wp-content\/uploads\/2017\/11\/RodentaDentalTourSzmjL0-300x225.jpg\" class=\"aux-attachment aux-featured-image attachment-300x300 aux-attachment-id-1212 \" alt=\"RodentaDentalTourSzmjL0\" srcset=\"https:\/\/asco90.ro\/wordpress\/wp-content\/uploads\/2017\/11\/RodentaDentalTourSzmjL0-150x150.jpg 150w,https:\/\/asco90.ro\/wordpress\/wp-content\/uploads\/2017\/11\/RodentaDentalTourSzmjL0-300x225.jpg 300w,https:\/\/asco90.ro\/wordpress\/wp-content\/uploads\/2017\/11\/RodentaDentalTourSzmjL0-768x576.jpg 768w,https:\/\/asco90.ro\/wordpress\/wp-content\/uploads\/2017\/11\/RodentaDentalTourSzmjL0-1024x768.jpg 1024w,https:\/\/asco90.ro\/wordpress\/wp-content\/uploads\/2017\/11\/RodentaDentalTourSzmjL0-300x225.jpg 300w,https:\/\/asco90.ro\/wordpress\/wp-content\/uploads\/2017\/11\/RodentaDentalTourSzmjL0-1590x1590.jpg 1590w\" data-ratio=\"1\" data-original-w=\"1600\" sizes=\"(max-width:767px) 100vw,(min-width:768px) and (max-width:1025px) 25vw,330px\" \/>                <\/a>\n            <\/div>\n                <\/figure>\n<\/div><\/div><\/section><style>.aux-parent-auc5e14c64 .aux-frame-ratio { padding-bottom:75% }<\/style><\/div><\/div><\/div>","protected":false},"excerpt":{"rendered":"<p>Despre noi Principala noastr\u0103 \u021bint\u0103 pentru pia\u021ba din Rom\u00e2nia este neurologia, \u00een special neurofiziologia \u0219i neurochirurgia. Mai MultProdusele NoastreSisteme EEGSisteme EEG produse de EMS GmbH. \/ Austria Sisteme EEG produse de Natus Medical Inc. \/ USASisteme EMGSistem EMG produs de EMS GmbH. \/ Austria Sisteme EMG produse de Natus Medical Inc. \/ USASISTEME LTM, PSGSistem [&hellip;]<\/p>\n","protected":false},"author":1,"featured_media":0,"parent":0,"menu_order":0,"comment_status":"closed","ping_status":"closed","template":"","meta":[],"_links":{"self":[{"href":"https:\/\/asco90.ro\/wordpress\/wp-json\/wp\/v2\/pages\/4"}],"collection":[{"href":"https:\/\/asco90.ro\/wordpress\/wp-json\/wp\/v2\/pages"}],"about":[{"href":"https:\/\/asco90.ro\/wordpress\/wp-json\/wp\/v2\/types\/page"}],"author":[{"embeddable":true,"href":"https:\/\/asco90.ro\/wordpress\/wp-json\/wp\/v2\/users\/1"}],"replies":[{"embeddable":true,"href":"https:\/\/asco90.ro\/wordpress\/wp-json\/wp\/v2\/comments?post=4"}],"version-history":[{"count":76,"href":"https:\/\/asco90.ro\/wordpress\/wp-json\/wp\/v2\/pages\/4\/revisions"}],"predecessor-version":[{"id":1732,"href":"https:\/\/asco90.ro\/wordpress\/wp-json\/wp\/v2\/pages\/4\/revisions\/1732"}],"wp:attachment":[{"href":"https:\/\/asco90.ro\/wordpress\/wp-json\/wp\/v2\/media?parent=4"}],"curies":[{"name":"wp","href":"https:\/\/api.w.org\/{rel}","templated":true}]}}