{"id":43,"date":"2017-11-13T13:13:49","date_gmt":"2017-11-13T13:13:49","guid":{"rendered":"http:\/\/10.0.6.147:700\/wordpress\/?page_id=43"},"modified":"2021-06-09T18:23:52","modified_gmt":"2021-06-09T15:23:52","slug":"doppler","status":"publish","type":"page","link":"https:\/\/asco90.ro\/wordpress\/doppler","title":{"rendered":"Doppler"},"content":{"rendered":"<h1><\/h1>\n<h1 style=\"text-align: center;\">Sisteme Doppler<\/h1>\n<table width=\"600\" border=\"1\">\n<tbody>\n<tr>\n<td valign=\"middle\">\n<h3>Compumedics Germany (DWL) GmbH<\/h3>\n<h5>Sistem portabil only-Doppler tip Ez-Dop\u00ae cu transductori de 2, 4, 8 MHz.<\/h5>\n<\/td>\n<td valign=\"\"><a href=\"https:\/\/asco90.ro\/wordpress\/wp-content\/uploads\/2017\/11\/Ez-Smart.jpg\"><img loading=\"lazy\" class=\"size-thumbnail wp-image-780 aligncenter\" src=\"https:\/\/asco90.ro\/wordpress\/wp-content\/uploads\/2017\/11\/Ez-Smart-150x150.jpg\" alt=\"\" width=\"150\" height=\"150\"><\/a><\/td>\n<\/tr>\n<tr>\n<td>\n<h3>Compumedics Germany (DWL) GmbH<\/h3>\n<h5>Sistem transportabil only-Doppler tip DopplerBox<sup>\u00ae<\/sup>-digital cu transductori de 2, 4, 8 si 16 MHz.<\/h5>\n<h5>Sistemul permite monitorizarea pe 1 sau 2 canale, analiza VMR \/ CO2 \/&nbsp;detectia de emboli \/&nbsp;diferentiarea de emboli.<\/h5>\n<\/td>\n<td>&nbsp;<a href=\"https:\/\/asco90.ro\/wordpress\/wp-content\/uploads\/2017\/11\/Doppler_Box.jpg\"><img loading=\"lazy\" class=\"alignnone size-thumbnail wp-image-792\" src=\"https:\/\/asco90.ro\/wordpress\/wp-content\/uploads\/2017\/11\/Doppler_Box-150x150.jpg\" alt=\"\" width=\"150\" height=\"150\"><\/a><\/td>\n<\/tr>\n<tr>\n<td>\n<h3>Compumedics Germany (DWL) GmbH<\/h3>\n<h5>Digitalul MultiDopT\u00ae faciliteaz\u0103 monitorizarea \u0219i \u00eenregistrarea continu\u0103 a fluxului sanguin cerebral &#8211; \u00eenainte, \u00een timpul \u0219i dup\u0103 opera\u021bie.<\/h5>\n<h5><\/h5>\n<\/td>\n<td>&nbsp;<a href=\"https:\/\/asco90.ro\/wordpress\/wp-content\/uploads\/2017\/11\/MultiDop-T.jpg\"><img loading=\"lazy\" class=\"alignnone size-thumbnail wp-image-795\" src=\"https:\/\/asco90.ro\/wordpress\/wp-content\/uploads\/2017\/11\/MultiDop-T-150x150.jpg\" alt=\"\" width=\"150\" height=\"150\"><\/a><\/td>\n<\/tr>\n<tr>\n<td>\n<h3>Compumedics Germany (DWL) GmbH<\/h3>\n<h5>Multi-DopX &#8211; digital ofer\u0103, de asemenea, op\u021biunea unui modul CO2 complet integrat. Testul CO2 \/ VMR permite evaluarea neinvaziv\u0103 a rezervei vasomotorii \u0219i permite evalu\u0103ri fiabile ale autoregl\u0103rii cerebrale.<\/h5>\n<\/td>\n<td>&nbsp;<a href=\"https:\/\/asco90.ro\/wordpress\/wp-content\/uploads\/2017\/11\/Imagine-Xdigital.jpg\"><img loading=\"lazy\" class=\"alignnone wp-image-800 size-medium\" src=\"https:\/\/asco90.ro\/wordpress\/wp-content\/uploads\/2017\/11\/Imagine-Xdigital-178x300.jpg\" alt=\"\" width=\"178\" height=\"300\" srcset=\"https:\/\/asco90.ro\/wordpress\/wp-content\/uploads\/2017\/11\/Imagine-Xdigital-178x300.jpg 178w, https:\/\/asco90.ro\/wordpress\/wp-content\/uploads\/2017\/11\/Imagine-Xdigital.jpg 209w\" sizes=\"(max-width: 178px) 100vw, 178px\" \/><\/a><\/td>\n<\/tr>\n<\/tbody>\n<\/table>\n","protected":false},"excerpt":{"rendered":"<p>Sisteme Doppler Compumedics Germany (DWL) GmbH Sistem portabil only-Doppler tip Ez-Dop\u00ae cu transductori de 2, 4, 8 MHz. Compumedics Germany (DWL) GmbH Sistem transportabil only-Doppler tip DopplerBox\u00ae-digital cu transductori de 2, 4, 8 si 16 MHz. Sistemul permite monitorizarea pe 1 sau 2 canale, analiza VMR \/ CO2 \/&nbsp;detectia de emboli \/&nbsp;diferentiarea de emboli. &nbsp; [&hellip;]<\/p>\n","protected":false},"author":1,"featured_media":0,"parent":0,"menu_order":0,"comment_status":"closed","ping_status":"closed","template":"","meta":[],"_links":{"self":[{"href":"https:\/\/asco90.ro\/wordpress\/wp-json\/wp\/v2\/pages\/43"}],"collection":[{"href":"https:\/\/asco90.ro\/wordpress\/wp-json\/wp\/v2\/pages"}],"about":[{"href":"https:\/\/asco90.ro\/wordpress\/wp-json\/wp\/v2\/types\/page"}],"author":[{"embeddable":true,"href":"https:\/\/asco90.ro\/wordpress\/wp-json\/wp\/v2\/users\/1"}],"replies":[{"embeddable":true,"href":"https:\/\/asco90.ro\/wordpress\/wp-json\/wp\/v2\/comments?post=43"}],"version-history":[{"count":23,"href":"https:\/\/asco90.ro\/wordpress\/wp-json\/wp\/v2\/pages\/43\/revisions"}],"predecessor-version":[{"id":1782,"href":"https:\/\/asco90.ro\/wordpress\/wp-json\/wp\/v2\/pages\/43\/revisions\/1782"}],"wp:attachment":[{"href":"https:\/\/asco90.ro\/wordpress\/wp-json\/wp\/v2\/media?parent=43"}],"curies":[{"name":"wp","href":"https:\/\/api.w.org\/{rel}","templated":true}]}}